{"id":10318,"date":"2024-12-23T06:49:37","date_gmt":"2024-12-23T06:49:37","guid":{"rendered":"https:\/\/demo.wpzoom.com\/inspiro-medical-blocks\/?page_id=10318"},"modified":"2026-04-19T12:01:31","modified_gmt":"2026-04-19T17:01:31","slug":"quienes-somos","status":"publish","type":"page","link":"https:\/\/dronegis.com.ec\/?page_id=10318","title":{"rendered":"Quienes Somos"},"content":{"rendered":"\n<div class=\"wp-block-group alignfull has-global-padding is-layout-constrained wp-block-group-is-layout-constrained\" style=\"margin-bottom:var(--wp--preset--spacing--large)\">\n<div class=\"wp-block-cover alignfull\" style=\"border-radius:28px;padding-right:0;padding-left:0;min-height:550px;aspect-ratio:unset;\"><img loading=\"lazy\" decoding=\"async\" width=\"2047\" height=\"1253\" class=\"wp-block-cover__image-background wp-image-12534 size-full\" alt=\"\" src=\"https:\/\/dronegis.com.ec\/\/wp-content\/uploads\/2026\/03\/foto1-1.jpg\" data-object-fit=\"cover\" srcset=\"https:\/\/dronegis.com.ec\/wp-content\/uploads\/2026\/03\/foto1-1.jpg 2047w, https:\/\/dronegis.com.ec\/wp-content\/uploads\/2026\/03\/foto1-1-300x184.jpg 300w, https:\/\/dronegis.com.ec\/wp-content\/uploads\/2026\/03\/foto1-1-1024x627.jpg 1024w, https:\/\/dronegis.com.ec\/wp-content\/uploads\/2026\/03\/foto1-1-2000x1224.jpg 2000w\" sizes=\"auto, (max-width: 2047px) 100vw, 2047px\" \/><span aria-hidden=\"true\" class=\"wp-block-cover__background has-primary-background-color has-background-dim-20 has-background-dim\"><\/span><div class=\"wp-block-cover__inner-container has-global-padding is-layout-constrained wp-container-core-cover-is-layout-0de311d3 wp-block-cover-is-layout-constrained\">\n<p class=\"has-text-align-center has-large-font-size\"><\/p>\n<\/div><\/div>\n<\/div>\n\n\n\n<div class=\"wp-block-group alignfull has-global-padding is-layout-constrained wp-container-core-group-is-layout-4e4c2703 wp-block-group-is-layout-constrained\" style=\"margin-top:0;margin-bottom:0;padding-top:0;padding-right:var(--wp--preset--spacing--x-small);padding-bottom:0;padding-left:var(--wp--preset--spacing--x-small)\">\n<div class=\"wp-block-group has-global-padding is-layout-constrained wp-block-group-is-layout-constrained\" style=\"margin-bottom:var(--wp--preset--spacing--medium)\">\n<div class=\"wp-block-group is-nowrap is-layout-flex wp-container-core-group-is-layout-558cc95c wp-block-group-is-layout-flex\" style=\"margin-bottom:0;padding-bottom:0\">\n<h2 class=\"wp-block-heading has-text-align-left animated fadeInUp wp-container-content-4fb2e66a\" style=\"font-size:clamp(27.894px, 1.743rem + ((1vw - 3.2px) * 1.779), 48px);font-style:normal;font-weight:600;line-height:1.2\">Desde el 2012, Drone &amp; Gis ha sido proveedor l\u00edder de soluciones geoespaciales<\/h2>\n<\/div>\n\n\n\n<div class=\"wp-block-group is-nowrap is-layout-flex wp-container-core-group-is-layout-f66f9956 wp-block-group-is-layout-flex\">\n<p class=\"has-text-align-left has-text-color has-link-color wp-elements-99b28d739a2729cbfd236f3caa9510c3 wp-container-content-56ed5411\" style=\"color:#1e1e20;font-size:clamp(14px, 0.875rem + ((1vw - 3.2px) * 0.354), 18px);font-style:normal;font-weight:600\"><\/p>\n\n\n\n<p class=\"has-text-align-left animated fadeInUp wp-container-content-dc435e0d\" style=\"font-size:clamp(14px, 0.875rem + ((1vw - 3.2px) * 0.354), 18px);\">Empresa ecuatoriana formada por profesionales multidisciplinarios; dedicada a la toma de fotograf\u00eda a\u00e9rea de alta resoluci\u00f3n usando veh\u00edculos a\u00e9reos no tripulados (Drones). Nuestro equipo ha incursionado a fondo en el desarrollo de productos y servicios que han demostrado su eficacia y fiabilidad en una amplia gama de aplicaciones ofreciendo a nuestros clientes soluciones integrales y flexibles que les permitan sacar el m\u00e1ximo provecho de esta tecnolog\u00eda.<\/p>\n<\/div>\n<\/div>\n<\/div>\n\n\n\n<div class=\"wp-block-group alignfull has-background has-global-padding is-layout-constrained wp-block-group-is-layout-constrained\" style=\"background:linear-gradient(0deg,rgb(14,14,15) 65%,rgb(255,255,255) 65%);margin-top:var(--wp--preset--spacing--large);margin-bottom:var(--wp--preset--spacing--large);padding-top:0;padding-bottom:var(--wp--preset--spacing--medium)\">\n<div class=\"wp-block-cover is-light animated fadeInUp\" style=\"border-radius:28px;margin-bottom:var(--wp--preset--spacing--medium);min-height:680px;aspect-ratio:unset;\"><video class=\"wp-block-cover__video-background intrinsic-ignore\" autoplay muted loop playsinline src=\"https:\/\/dronegis.com.ec\/wp-content\/uploads\/2026\/04\/Quienes_somos.mp4\" style=\"object-position:53% 38%\" data-object-fit=\"cover\" data-object-position=\"53% 38%\"><\/video><span aria-hidden=\"true\" class=\"wp-block-cover__background has-background-dim-0 has-background-dim\"><\/span><div class=\"wp-block-cover__inner-container has-global-padding is-layout-constrained wp-block-cover-is-layout-constrained\">\n<p class=\"has-text-align-center has-large-font-size\"><\/p>\n<\/div><\/div>\n\n\n\n<div class=\"wp-block-group is-nowrap is-layout-flex wp-container-core-group-is-layout-558cc95c wp-block-group-is-layout-flex\" style=\"margin-bottom:0;padding-bottom:0\">\n<h2 class=\"wp-block-heading has-text-align-left animated fadeInUp has-white-color has-text-color has-link-color wp-elements-e8f260c1aa1d4d6b2d6f73e430b2c2e3 wp-container-content-4fb2e66a\" style=\"font-size:clamp(27.894px, 1.743rem + ((1vw - 3.2px) * 1.779), 48px);font-style:normal;font-weight:600;line-height:1.2\">Nuestra historia:<\/h2>\n<\/div>\n<\/div>\n\n\n\n<div class=\"wp-block-columns animated fadeInUp is-layout-flex wp-container-core-columns-is-layout-28f84493 wp-block-columns-is-layout-flex\">\n<div class=\"wp-block-column is-layout-flow wp-block-column-is-layout-flow\">\n<div class=\"wp-block-group is-nowrap is-layout-flex wp-container-core-group-is-layout-6c531013 wp-block-group-is-layout-flex\">\n<div id=\"wp-block-themeisle-blocks-font-awesome-icons-af8d31a2\" class=\"wp-block-themeisle-blocks-font-awesome-icons\"><span class=\"wp-block-themeisle-blocks-font-awesome-icons-container\"><i class=\"fas fa-lightbulb\"><\/i><\/span><\/div>\n\n\n\n<p>2012<\/p>\n<\/div>\n\n\n\n<p class=\"has-medium-font-size\">Necesidad de datos de zonas especificas, mayor resoluci\u00f3n, menor costo.<\/p>\n<\/div>\n\n\n\n<div class=\"wp-block-column is-layout-flow wp-container-core-column-is-layout-0a386c5a wp-block-column-is-layout-flow\">\n<div class=\"wp-block-group is-nowrap is-layout-flex wp-container-core-group-is-layout-6c531013 wp-block-group-is-layout-flex\">\n<div id=\"wp-block-themeisle-blocks-font-awesome-icons-f5464149\" class=\"wp-block-themeisle-blocks-font-awesome-icons\"><span class=\"wp-block-themeisle-blocks-font-awesome-icons-container\"><i class=\"fas fa-book\"><\/i><\/span><\/div>\n\n\n\n<p>2013<\/p>\n<\/div>\n\n\n\n<p class=\"has-medium-font-size\">Investigaci\u00f3n de opciones de sensores remotos baja altura y prueba de equipos<\/p>\n<\/div>\n\n\n\n<div class=\"wp-block-column is-layout-flow wp-block-column-is-layout-flow\">\n<div class=\"wp-block-group is-nowrap is-layout-flex wp-container-core-group-is-layout-6c531013 wp-block-group-is-layout-flex\">\n<div id=\"wp-block-themeisle-blocks-font-awesome-icons-ad30e025\" class=\"wp-block-themeisle-blocks-font-awesome-icons\"><span class=\"wp-block-themeisle-blocks-font-awesome-icons-container\"><i class=\"fas fa-paper-plane\"><\/i><\/span><\/div>\n\n\n\n<p>2014<\/p>\n<\/div>\n\n\n\n<p class=\"has-primary-color has-text-color has-link-color has-medium-font-size wp-elements-ca249e2a7db3043034272ddc784cf5aa\">Constituci\u00f3n de la compa\u00f1\u00eda e inicio de operaciones y&nbsp;apertura de l\u00edneas de negocio.<\/p>\n<\/div>\n<\/div>\n\n\n\n<div style=\"height:41px\" aria-hidden=\"true\" class=\"wp-block-spacer\"><\/div>\n\n\n\n<div class=\"wp-block-columns animated fadeInUp is-layout-flex wp-container-core-columns-is-layout-28f84493 wp-block-columns-is-layout-flex\">\n<div class=\"wp-block-column is-layout-flow wp-block-column-is-layout-flow\">\n<div class=\"wp-block-group is-nowrap is-layout-flex wp-container-core-group-is-layout-6c531013 wp-block-group-is-layout-flex\">\n<div id=\"wp-block-themeisle-blocks-font-awesome-icons-e15af5ad\" class=\"wp-block-themeisle-blocks-font-awesome-icons\"><span class=\"wp-block-themeisle-blocks-font-awesome-icons-container\"><i class=\"fas fa-chart-line\"><\/i><\/span><\/div>\n\n\n\n<p>2015<\/p>\n<\/div>\n\n\n\n<p class=\"has-medium-font-size\">Consolidaci\u00f3n y crecimiento de la compa\u00f1\u00eda y diversificaci\u00f3n de linea de negocio.<\/p>\n<\/div>\n\n\n\n<div class=\"wp-block-column is-layout-flow wp-container-core-column-is-layout-0a386c5a wp-block-column-is-layout-flow\">\n<div class=\"wp-block-group is-nowrap is-layout-flex wp-container-core-group-is-layout-6c531013 wp-block-group-is-layout-flex\">\n<div id=\"wp-block-themeisle-blocks-font-awesome-icons-5b705157\" class=\"wp-block-themeisle-blocks-font-awesome-icons\"><span class=\"wp-block-themeisle-blocks-font-awesome-icons-container\"><i class=\"fas fa-handshake\"><\/i><\/span><\/div>\n\n\n\n<p>2016<\/p>\n<\/div>\n\n\n\n<p class=\"has-medium-font-size\">Consolidaci\u00f3n de alianzas estrat\u00e9gicas e incremento de oferta de productos y servicios.<\/p>\n<\/div>\n\n\n\n<div class=\"wp-block-column is-layout-flow wp-block-column-is-layout-flow\">\n<div class=\"wp-block-group is-nowrap is-layout-flex wp-container-core-group-is-layout-6c531013 wp-block-group-is-layout-flex\">\n<div id=\"wp-block-themeisle-blocks-font-awesome-icons-224455a4\" class=\"wp-block-themeisle-blocks-font-awesome-icons\"><span class=\"wp-block-themeisle-blocks-font-awesome-icons-container\"><i class=\"fas fa-briefcase\"><\/i><\/span><\/div>\n\n\n\n<p>2022 \u2013 2023 <\/p>\n<\/div>\n\n\n\n<p class=\"has-primary-color has-text-color has-link-color has-medium-font-size wp-elements-7f3dd5d179c10f52b43d7b8d66f2bfc7\">Ampliaci\u00f3n de oferta de servicios e incursi\u00f3n en tecnolog\u00edas LIDAR y servicios de aplicaciones geotecn\u00f3logicas y herramientas basadas en IA para proyectos de certificaciones agr\u00edcolas.<\/p>\n<\/div>\n<\/div>\n\n\n\n<div style=\"height:100px\" aria-hidden=\"true\" class=\"wp-block-spacer\"><\/div>\n\n\n\n<div class=\"wp-block-group alignfull has-background has-global-padding is-layout-constrained wp-block-group-is-layout-constrained\" style=\"background-color:#000000\">\n<div class=\"wp-block-cover\" style=\"min-height:673px;aspect-ratio:unset;\"><img loading=\"lazy\" decoding=\"async\" width=\"1024\" height=\"683\" class=\"wp-block-cover__image-background wp-image-11724 size-large\" alt=\"\" src=\"https:\/\/dronegis.com.ec\/\/wp-content\/uploads\/2025\/11\/map-1024x683.png\" data-object-fit=\"cover\" srcset=\"https:\/\/dronegis.com.ec\/wp-content\/uploads\/2025\/11\/map-1024x683.png 1024w, https:\/\/dronegis.com.ec\/wp-content\/uploads\/2025\/11\/map-300x200.png 300w, https:\/\/dronegis.com.ec\/wp-content\/uploads\/2025\/11\/map-600x400.png 600w, https:\/\/dronegis.com.ec\/wp-content\/uploads\/2025\/11\/map-1200x800.png 1200w, https:\/\/dronegis.com.ec\/wp-content\/uploads\/2025\/11\/map.png 1920w\" sizes=\"auto, (max-width: 1024px) 100vw, 1024px\" \/><span aria-hidden=\"true\" class=\"wp-block-cover__background has-background-dim\"><\/span><div class=\"wp-block-cover__inner-container has-global-padding is-layout-constrained wp-block-cover-is-layout-constrained\">\n<div style=\"height:38px\" aria-hidden=\"true\" class=\"wp-block-spacer\"><\/div>\n\n\n\n<h2 class=\"wp-block-heading has-text-align-left animated fadeInUp wp-container-content-4fb2e66a\" style=\"font-size:clamp(27.894px, 1.743rem + ((1vw - 3.2px) * 1.779), 48px);font-style:normal;font-weight:600;line-height:1.2\">En m\u00e1s de 10 a\u00f1os nuestra empresa a conseguido<\/h2>\n\n\n\n<div style=\"height:100px\" aria-hidden=\"true\" class=\"wp-block-spacer\"><\/div>\n\n\n\n<div class=\"wp-block-columns is-layout-flex wp-container-core-columns-is-layout-89fde3e1 wp-block-columns-is-layout-flex\" style=\"border-top-style:none;border-top-width:0px;border-right-style:none;border-right-width:0px;border-bottom-color:var(--wp--preset--color--white);border-bottom-width:1px;border-left-style:none;border-left-width:0px;padding-top:var(--wp--preset--spacing--x-small);padding-bottom:var(--wp--preset--spacing--x-small)\">\n<div class=\"wp-block-column is-layout-flow wp-block-column-is-layout-flow\" style=\"flex-basis:25%\">\n<p class=\"animated fadeInUp has-max-48-font-size\"><strong>> 200000<\/strong><\/p>\n\n\n\n<p class=\"animated fadeInUp has-small-font-size\" style=\"margin-top:-20px;margin-bottom:-20px\">Has Sobrevoladas desde el inicio de operaciones<\/p>\n<\/div>\n\n\n\n<div class=\"wp-block-column is-layout-flow wp-block-column-is-layout-flow\" style=\"flex-basis:50%\">\n<p class=\"has-text-align-center animated fadeInUp delay-200ms has-max-48-font-size\"><strong>> 500<\/strong><\/p>\n\n\n\n<p class=\"has-text-align-center animated fadeInUp delay-200ms\" style=\"margin-top:-20px;margin-bottom:-20px\">proyectos ejecutados<\/p>\n<\/div>\n\n\n\n<div class=\"wp-block-column is-layout-flow wp-block-column-is-layout-flow\" style=\"flex-basis:25%\">\n<p class=\"has-text-align-right animated fadeInUp delay-500ms has-max-48-font-size\"><strong>> 300<\/strong><\/p>\n\n\n\n<p class=\"has-text-align-right animated fadeInUp delay-500ms\" style=\"margin-top:-20px;margin-bottom:-20px\">Clientes satisfechos<\/p>\n<\/div>\n<\/div>\n\n\n\n<div style=\"height:18px\" aria-hidden=\"true\" class=\"wp-block-spacer\"><\/div>\n\n\n\n<div class=\"wp-block-columns is-layout-flex wp-container-core-columns-is-layout-65eef5bf wp-block-columns-is-layout-flex\">\n<div class=\"wp-block-column is-layout-flow wp-block-column-is-layout-flow\">\n<p class=\"has-text-align-center animated fadeInUp delay-500ms has-max-48-font-size\"><strong>> 2000<\/strong><\/p>\n\n\n\n<p class=\"has-text-align-center animated fadeInUp delay-500ms\" style=\"margin-top:-20px;margin-bottom:-20px\"><strong>Horas de vuelo<\/strong><\/p>\n<\/div>\n<\/div>\n\n\n\n<div style=\"height:36px\" aria-hidden=\"true\" class=\"wp-block-spacer\"><\/div>\n\n\n\n<div class=\"wp-block-columns is-layout-flex wp-container-core-columns-is-layout-89fde3e1 wp-block-columns-is-layout-flex\" style=\"border-top-color:var(--wp--preset--color--white);border-top-width:1px;padding-top:var(--wp--preset--spacing--x-small);padding-bottom:var(--wp--preset--spacing--x-small)\">\n<div class=\"wp-block-column is-layout-flow wp-block-column-is-layout-flow\" style=\"flex-basis:25%\">\n<p class=\"animated fadeInUp has-max-48-font-size\"><strong>> 1000<\/strong><\/p>\n\n\n\n<p class=\"has-small-font-size\" style=\"margin-top:-20px;margin-bottom:-20px\">Kil\u00f3metros en<\/p>\n\n\n\n<p class=\"animated fadeInUp has-small-font-size\" style=\"margin-top:15px;margin-bottom:15px\">proyectos lineales<\/p>\n<\/div>\n\n\n\n<div class=\"wp-block-column is-layout-flow wp-block-column-is-layout-flow\" style=\"flex-basis:50%\">\n<p class=\"has-text-align-center animated fadeInUp delay-200ms has-max-48-font-size\"><strong>> 100000<\/strong><\/p>\n\n\n\n<p class=\"has-text-align-center animated fadeInUp delay-200ms\" style=\"margin-top:-20px;margin-bottom:-20px\">Gigabytes de informaci\u00f3n levantada y procesada.<\/p>\n<\/div>\n\n\n\n<div class=\"wp-block-column is-layout-flow wp-block-column-is-layout-flow\" style=\"flex-basis:25%\">\n<p class=\"has-text-align-right animated fadeInUp delay-500ms has-max-48-font-size\"><strong>> 20<\/strong><\/p>\n\n\n\n<p class=\"has-text-align-right animated fadeInUp delay-500ms\" style=\"margin-top:-20px;margin-bottom:-20px\">Equipos tecnol\u00f3gicos al servicio de nuestros clientes.<\/p>\n<\/div>\n<\/div>\n<\/div><\/div>\n\n\n\n<p><\/p>\n<\/div>\n","protected":false},"excerpt":{"rendered":"<p>Desde el 2012, Drone &amp; Gis ha sido proveedor l\u00edder de soluciones geoespaciales Empresa ecuatoriana formada por profesionales multidisciplinarios; dedicada a la toma de fotograf\u00eda a\u00e9rea de alta resoluci\u00f3n usando veh\u00edculos a\u00e9reos no tripulados (Drones). Nuestro equipo ha incursionado a fondo en el desarrollo de productos y servicios que han demostrado su eficacia y fiabilidad &hellip; <\/p>\n<p class=\"link-more\"><a href=\"https:\/\/dronegis.com.ec\/?page_id=10318\" class=\"more-link\">Leer m\u00e1s<span class=\"screen-reader-text\"> \u00abQuienes Somos\u00bb<\/span><\/a><\/p>\n","protected":false},"author":1,"featured_media":0,"parent":0,"menu_order":0,"comment_status":"closed","ping_status":"closed","template":"","meta":{"_eb_attr":"","_themeisle_gutenberg_block_has_review":false,"inspiro_hide_title":false,"footnotes":""},"class_list":["post-10318","page","type-page","status-publish","hentry"],"featured_media_urls":[],"_links":{"self":[{"href":"https:\/\/dronegis.com.ec\/index.php?rest_route=\/wp\/v2\/pages\/10318","targetHints":{"allow":["GET"]}}],"collection":[{"href":"https:\/\/dronegis.com.ec\/index.php?rest_route=\/wp\/v2\/pages"}],"about":[{"href":"https:\/\/dronegis.com.ec\/index.php?rest_route=\/wp\/v2\/types\/page"}],"author":[{"embeddable":true,"href":"https:\/\/dronegis.com.ec\/index.php?rest_route=\/wp\/v2\/users\/1"}],"replies":[{"embeddable":true,"href":"https:\/\/dronegis.com.ec\/index.php?rest_route=%2Fwp%2Fv2%2Fcomments&post=10318"}],"version-history":[{"count":70,"href":"https:\/\/dronegis.com.ec\/index.php?rest_route=\/wp\/v2\/pages\/10318\/revisions"}],"predecessor-version":[{"id":12698,"href":"https:\/\/dronegis.com.ec\/index.php?rest_route=\/wp\/v2\/pages\/10318\/revisions\/12698"}],"wp:attachment":[{"href":"https:\/\/dronegis.com.ec\/index.php?rest_route=%2Fwp%2Fv2%2Fmedia&parent=10318"}],"curies":[{"name":"wp","href":"https:\/\/api.w.org\/{rel}","templated":true}]}}