{"id":10320,"date":"2024-12-23T06:54:31","date_gmt":"2024-12-23T06:54:31","guid":{"rendered":"https:\/\/demo.wpzoom.com\/inspiro-medical-blocks\/?page_id=10320"},"modified":"2026-04-20T19:16:25","modified_gmt":"2026-04-21T00:16:25","slug":"contactos","status":"publish","type":"page","link":"https:\/\/dronegis.com.ec\/?page_id=10320","title":{"rendered":"Contactos"},"content":{"rendered":"\n<div class=\"wp-block-columns are-vertically-aligned-top is-layout-flex wp-container-core-columns-is-layout-1a0c8bc0 wp-block-columns-is-layout-flex\" style=\"margin-top:0;margin-bottom:0\">\n<div class=\"wp-block-column is-vertically-aligned-top has-background is-layout-flow wp-container-core-column-is-layout-8fab833b wp-block-column-is-layout-flow\" style=\"border-radius:20px;background-color:#f5f5f7;padding-top:var(--wp--preset--spacing--medium);padding-right:var(--wp--preset--spacing--medium);padding-bottom:var(--wp--preset--spacing--medium);padding-left:var(--wp--preset--spacing--medium);flex-basis:100%\">\n<div class=\"wp-block-columns is-layout-flex wp-container-core-columns-is-layout-28f84493 wp-block-columns-is-layout-flex\">\n<div class=\"wp-block-column is-layout-flow wp-block-column-is-layout-flow\">\n<p class=\"has-text-align-left wp-container-content-dc435e0d\" style=\"font-size:clamp(14px, 0.875rem + ((1vw - 3.2px) * 0.354), 18px);\">\u00bfTienes dudas, necesitas m\u00e1s informaci\u00f3n o quieres trabajar con nosotros? Escr\u00edbenos a nuestro correo electr\u00f3nico y nuestro equipo se pondr\u00e1 en contacto contigo lo antes posible.<\/p>\n<\/div>\n\n\n\n<div class=\"wp-block-column is-vertically-aligned-center is-layout-flow wp-block-column-is-layout-flow\">\n<p class=\"has-text-align-right has-text-color\" style=\"color:#1e1e20;font-size:clamp(14px, 0.875rem + ((1vw - 3.2px) * 0.531), 20px);font-style:normal;font-weight:600;line-height:0.5;text-transform:none\">Contactanos<\/p>\n\n\n\n<p class=\"has-text-align-right has-primary-color has-text-color\" style=\"font-size:clamp(14px, 0.875rem + ((1vw - 3.2px) * 0.531), 20px);font-style:normal;font-weight:500;line-height:1.3;text-transform:none\">099 27 46 853<\/p>\n\n\n\n<p class=\"has-text-align-right has-primary-color has-text-color\" style=\"font-size:clamp(14px, 0.875rem + ((1vw - 3.2px) * 0.531), 20px);font-style:normal;font-weight:500;line-height:1.3;text-transform:none\">099 56 18 160<\/p>\n<\/div>\n\n\n\n<div class=\"wp-block-column is-vertically-aligned-center is-layout-flow wp-block-column-is-layout-flow\">\n<p class=\"has-text-align-right has-text-color\" style=\"color:#1e1e20;font-size:clamp(14px, 0.875rem + ((1vw - 3.2px) * 0.531), 20px);font-style:normal;font-weight:600;line-height:0.5;text-transform:none\">Email<\/p>\n\n\n\n<p class=\"has-text-align-right has-primary-color has-text-color\" style=\"font-size:clamp(14px, 0.875rem + ((1vw - 3.2px) * 0.531), 20px);font-style:normal;font-weight:500;line-height:1.3;text-transform:none\"><a href=\"mailto:hello@inspiro.com\">info@dronegis.com.ec<\/a><\/p>\n<\/div>\n<\/div>\n<\/div>\n<\/div>\n\n\n\n<p><\/p>\n","protected":false},"excerpt":{"rendered":"<p>\u00bfTienes dudas, necesitas m\u00e1s informaci\u00f3n o quieres trabajar con nosotros? Escr\u00edbenos a nuestro correo electr\u00f3nico y nuestro equipo se pondr\u00e1 en contacto contigo lo antes posible. Contactanos 099 27 46 853 099 56 18 160 Email info@dronegis.com.ec<\/p>\n","protected":false},"author":1,"featured_media":0,"parent":0,"menu_order":0,"comment_status":"closed","ping_status":"closed","template":"","meta":{"_eb_attr":"","_themeisle_gutenberg_block_has_review":false,"inspiro_hide_title":true,"footnotes":""},"class_list":["post-10320","page","type-page","status-publish","hentry"],"featured_media_urls":[],"_links":{"self":[{"href":"https:\/\/dronegis.com.ec\/index.php?rest_route=\/wp\/v2\/pages\/10320","targetHints":{"allow":["GET"]}}],"collection":[{"href":"https:\/\/dronegis.com.ec\/index.php?rest_route=\/wp\/v2\/pages"}],"about":[{"href":"https:\/\/dronegis.com.ec\/index.php?rest_route=\/wp\/v2\/types\/page"}],"author":[{"embeddable":true,"href":"https:\/\/dronegis.com.ec\/index.php?rest_route=\/wp\/v2\/users\/1"}],"replies":[{"embeddable":true,"href":"https:\/\/dronegis.com.ec\/index.php?rest_route=%2Fwp%2Fv2%2Fcomments&post=10320"}],"version-history":[{"count":12,"href":"https:\/\/dronegis.com.ec\/index.php?rest_route=\/wp\/v2\/pages\/10320\/revisions"}],"predecessor-version":[{"id":12714,"href":"https:\/\/dronegis.com.ec\/index.php?rest_route=\/wp\/v2\/pages\/10320\/revisions\/12714"}],"wp:attachment":[{"href":"https:\/\/dronegis.com.ec\/index.php?rest_route=%2Fwp%2Fv2%2Fmedia&parent=10320"}],"curies":[{"name":"wp","href":"https:\/\/api.w.org\/{rel}","templated":true}]}}