{"id":10322,"date":"2024-12-23T06:55:55","date_gmt":"2024-12-23T06:55:55","guid":{"rendered":"https:\/\/demo.wpzoom.com\/inspiro-medical-blocks\/?page_id=10322"},"modified":"2026-03-21T21:50:19","modified_gmt":"2026-03-22T02:50:19","slug":"proyectos","status":"publish","type":"page","link":"https:\/\/dronegis.com.ec\/?page_id=10322","title":{"rendered":"Proyectos"},"content":{"rendered":"\n<div class=\"wp-block-group alignfull has-global-padding is-layout-constrained wp-block-group-is-layout-constrained\" style=\"margin-bottom:var(--wp--preset--spacing--large)\">\n<div class=\"wp-block-cover alignfull\" style=\"border-radius:28px;padding-right:0;padding-left:0;min-height:550px;aspect-ratio:unset;\"><img loading=\"lazy\" decoding=\"async\" width=\"1740\" height=\"1065\" class=\"wp-block-cover__image-background wp-image-12571 size-full\" alt=\"\" src=\"https:\/\/dronegis.com.ec\/\/wp-content\/uploads\/2026\/03\/nuestro_t.jpg\" data-object-fit=\"cover\" srcset=\"https:\/\/dronegis.com.ec\/wp-content\/uploads\/2026\/03\/nuestro_t.jpg 1740w, https:\/\/dronegis.com.ec\/wp-content\/uploads\/2026\/03\/nuestro_t-300x184.jpg 300w, https:\/\/dronegis.com.ec\/wp-content\/uploads\/2026\/03\/nuestro_t-1024x627.jpg 1024w\" sizes=\"auto, (max-width: 1740px) 100vw, 1740px\" \/><span aria-hidden=\"true\" class=\"wp-block-cover__background has-primary-background-color has-background-dim-30 has-background-dim\"><\/span><div class=\"wp-block-cover__inner-container has-global-padding is-layout-constrained wp-container-core-cover-is-layout-0de311d3 wp-block-cover-is-layout-constrained\">\n<p class=\"has-text-align-center has-large-font-size\"><\/p>\n<\/div><\/div>\n<\/div>\n\n\n\n<div class=\"wp-block-group has-global-padding is-layout-constrained wp-container-core-group-is-layout-051e5cef wp-block-group-is-layout-constrained\" style=\"margin-top:0;margin-bottom:var(--wp--preset--spacing--large)\">\n<div class=\"wp-block-columns is-layout-flex wp-container-core-columns-is-layout-28f84493 wp-block-columns-is-layout-flex\">\n<div class=\"wp-block-column is-layout-flow wp-block-column-is-layout-flow\">\n<h2 class=\"wp-block-heading animated fadeInUp\">Catastro Urbano y Rural<\/h2>\n\n\n\n<p class=\"animated fadeInUp has-medium-font-size\">Drone &amp; Gis cuenta con extensa experiencia en la generaci\u00f3n de fotograf\u00eda a\u00e9rea para catastro urbano y rural, con m\u00e1s de veinte mil hect\u00e1reas levantadas para estos fines.<\/p>\n<\/div>\n\n\n\n<div class=\"wp-block-column is-layout-flow wp-block-column-is-layout-flow\">\n<figure class=\"wp-block-image size-large is-resized has-custom-border animated fadeInUp\"><img loading=\"lazy\" decoding=\"async\" width=\"1024\" height=\"691\" src=\"https:\/\/dronegis.com.ec\/\/wp-content\/uploads\/2026\/03\/catastro-1024x691.jpg\" alt=\"\" class=\"wp-image-12550\" style=\"border-top-left-radius:28px;border-top-right-radius:28px;border-bottom-left-radius:28px;border-bottom-right-radius:28px;aspect-ratio:1.4819586507072906;width:469px;height:auto\" srcset=\"https:\/\/dronegis.com.ec\/wp-content\/uploads\/2026\/03\/catastro-1024x691.jpg 1024w, https:\/\/dronegis.com.ec\/wp-content\/uploads\/2026\/03\/catastro-300x203.jpg 300w, https:\/\/dronegis.com.ec\/wp-content\/uploads\/2026\/03\/catastro.jpg 1200w\" sizes=\"auto, (max-width: 1024px) 100vw, 1024px\" \/><\/figure>\n<\/div>\n<\/div>\n<\/div>\n\n\n\n<hr class=\"wp-block-separator has-text-color has-tertiary-color has-alpha-channel-opacity has-tertiary-background-color has-background is-style-wide\" style=\"margin-top:0;margin-bottom:0\"\/>\n\n\n\n<div style=\"height:81px\" aria-hidden=\"true\" class=\"wp-block-spacer\"><\/div>\n\n\n\n<div class=\"wp-block-group has-global-padding is-layout-constrained wp-container-core-group-is-layout-051e5cef wp-block-group-is-layout-constrained\" style=\"margin-top:0;margin-bottom:var(--wp--preset--spacing--large)\">\n<div class=\"wp-block-columns is-layout-flex wp-container-core-columns-is-layout-28f84493 wp-block-columns-is-layout-flex\">\n<div class=\"wp-block-column is-layout-flow wp-block-column-is-layout-flow\">\n<figure class=\"wp-block-image size-large is-resized has-custom-border animated fadeInUp\"><img loading=\"lazy\" decoding=\"async\" width=\"1024\" height=\"541\" src=\"https:\/\/dronegis.com.ec\/\/wp-content\/uploads\/2026\/03\/planimetria-1024x541.jpg\" alt=\"\" class=\"wp-image-12560\" style=\"border-top-left-radius:28px;border-top-right-radius:28px;border-bottom-left-radius:28px;border-bottom-right-radius:28px;aspect-ratio:1.4819586507072906;width:498px;height:auto\" srcset=\"https:\/\/dronegis.com.ec\/wp-content\/uploads\/2026\/03\/planimetria-1024x541.jpg 1024w, https:\/\/dronegis.com.ec\/wp-content\/uploads\/2026\/03\/planimetria-300x159.jpg 300w, https:\/\/dronegis.com.ec\/wp-content\/uploads\/2026\/03\/planimetria.jpg 1200w\" sizes=\"auto, (max-width: 1024px) 100vw, 1024px\" \/><\/figure>\n\n\n\n<p class=\"animated fadeInUp has-x-small-font-size\">Topograf\u00eda para estudios viales, combina topograf\u00eda LIDAR con topograf\u00eda convencional (estaci\u00f3n total o sistemas GNSS)<br><\/p>\n<\/div>\n\n\n\n<div class=\"wp-block-column is-layout-flow wp-block-column-is-layout-flow\">\n<h2 class=\"wp-block-heading animated fadeInUp\">Topograf\u00eda y planimetr\u00eda<\/h2>\n\n\n\n<p class=\"animated fadeInUp has-medium-font-size\">M\u00e1s de 10 a\u00f1os de experiencia en levantamientos topogr\u00e1ficos y planim\u00e9tricos para estudios viales, construcci\u00f3n, planificaci\u00f3n de riego, linderaci\u00f3n de terrenos y otras aplicaciones.<\/p>\n\n\n\n<figure class=\"wp-block-image size-full has-custom-border animated fadeInUp\"><img loading=\"lazy\" decoding=\"async\" width=\"1000\" height=\"528\" src=\"https:\/\/dronegis.com.ec\/\/wp-content\/uploads\/2026\/03\/planimetria2.jpg\" alt=\"\" class=\"wp-image-12565\" style=\"border-top-left-radius:28px;border-top-right-radius:28px;border-bottom-left-radius:28px;border-bottom-right-radius:28px\" srcset=\"https:\/\/dronegis.com.ec\/wp-content\/uploads\/2026\/03\/planimetria2.jpg 1000w, https:\/\/dronegis.com.ec\/wp-content\/uploads\/2026\/03\/planimetria2-300x158.jpg 300w\" sizes=\"auto, (max-width: 1000px) 100vw, 1000px\" \/><\/figure>\n\n\n\n<p class=\"animated fadeInUp has-x-small-font-size\">Topograf\u00eda para estudios viales, combina topograf\u00eda LIDAR con topograf\u00eda convencional (estaci\u00f3n total o sistemas GNSS)<br><\/p>\n<\/div>\n<\/div>\n<\/div>\n\n\n\n<hr class=\"wp-block-separator has-text-color has-tertiary-color has-alpha-channel-opacity has-tertiary-background-color has-background is-style-wide\"\/>\n\n\n\n<div style=\"height:100px\" aria-hidden=\"true\" class=\"wp-block-spacer\"><\/div>\n\n\n\n<div class=\"wp-block-group has-global-padding is-layout-constrained wp-container-core-group-is-layout-051e5cef wp-block-group-is-layout-constrained\" style=\"margin-top:0;margin-bottom:var(--wp--preset--spacing--large)\">\n<div class=\"wp-block-columns is-layout-flex wp-container-core-columns-is-layout-28f84493 wp-block-columns-is-layout-flex\">\n<div class=\"wp-block-column is-layout-flow wp-block-column-is-layout-flow\">\n<h2 class=\"wp-block-heading animated fadeInUp\">Georreferenciaci\u00f3n de fincas agr\u00edcolas para procesos de certificaci\u00f3n<\/h2>\n\n\n\n<figure class=\"wp-block-image size-large has-custom-border animated fadeInUp\"><img loading=\"lazy\" decoding=\"async\" width=\"1024\" height=\"900\" src=\"https:\/\/dronegis.com.ec\/\/wp-content\/uploads\/2026\/03\/fincas1-1024x900.jpg\" alt=\"\" class=\"wp-image-12562\" style=\"border-top-left-radius:28px;border-top-right-radius:28px;border-bottom-left-radius:28px;border-bottom-right-radius:28px;aspect-ratio:1.4819586507072906\" srcset=\"https:\/\/dronegis.com.ec\/wp-content\/uploads\/2026\/03\/fincas1-1024x900.jpg 1024w, https:\/\/dronegis.com.ec\/wp-content\/uploads\/2026\/03\/fincas1-300x264.jpg 300w, https:\/\/dronegis.com.ec\/wp-content\/uploads\/2026\/03\/fincas1.jpg 1195w\" sizes=\"auto, (max-width: 1024px) 100vw, 1024px\" \/><\/figure>\n<\/div>\n\n\n\n<div class=\"wp-block-column is-layout-flow wp-block-column-is-layout-flow\">\n<figure class=\"wp-block-image size-large animated fadeInUp\"><img loading=\"lazy\" decoding=\"async\" width=\"1024\" height=\"903\" src=\"https:\/\/dronegis.com.ec\/\/wp-content\/uploads\/2026\/03\/fincas2-1024x903.jpg\" alt=\"\" class=\"wp-image-12563\" srcset=\"https:\/\/dronegis.com.ec\/wp-content\/uploads\/2026\/03\/fincas2-1024x903.jpg 1024w, https:\/\/dronegis.com.ec\/wp-content\/uploads\/2026\/03\/fincas2-300x265.jpg 300w, https:\/\/dronegis.com.ec\/wp-content\/uploads\/2026\/03\/fincas2.jpg 1187w\" sizes=\"auto, (max-width: 1024px) 100vw, 1024px\" \/><\/figure>\n<\/div>\n<\/div>\n<\/div>\n","protected":false},"excerpt":{"rendered":"<p>Catastro Urbano y Rural Drone &amp; Gis cuenta con extensa experiencia en la generaci\u00f3n de fotograf\u00eda a\u00e9rea para catastro urbano y rural, con m\u00e1s de veinte mil hect\u00e1reas levantadas para estos fines. Topograf\u00eda para estudios viales, combina topograf\u00eda LIDAR con topograf\u00eda convencional (estaci\u00f3n total o sistemas GNSS) Topograf\u00eda y planimetr\u00eda M\u00e1s de 10 a\u00f1os de &hellip; <\/p>\n<p class=\"link-more\"><a href=\"https:\/\/dronegis.com.ec\/?page_id=10322\" class=\"more-link\">Leer m\u00e1s<span class=\"screen-reader-text\"> \u00abProyectos\u00bb<\/span><\/a><\/p>\n","protected":false},"author":1,"featured_media":0,"parent":0,"menu_order":0,"comment_status":"closed","ping_status":"closed","template":"","meta":{"_eb_attr":"","_themeisle_gutenberg_block_has_review":false,"inspiro_hide_title":false,"footnotes":""},"class_list":["post-10322","page","type-page","status-publish","hentry"],"featured_media_urls":[],"_links":{"self":[{"href":"https:\/\/dronegis.com.ec\/index.php?rest_route=\/wp\/v2\/pages\/10322","targetHints":{"allow":["GET"]}}],"collection":[{"href":"https:\/\/dronegis.com.ec\/index.php?rest_route=\/wp\/v2\/pages"}],"about":[{"href":"https:\/\/dronegis.com.ec\/index.php?rest_route=\/wp\/v2\/types\/page"}],"author":[{"embeddable":true,"href":"https:\/\/dronegis.com.ec\/index.php?rest_route=\/wp\/v2\/users\/1"}],"replies":[{"embeddable":true,"href":"https:\/\/dronegis.com.ec\/index.php?rest_route=%2Fwp%2Fv2%2Fcomments&post=10322"}],"version-history":[{"count":19,"href":"https:\/\/dronegis.com.ec\/index.php?rest_route=\/wp\/v2\/pages\/10322\/revisions"}],"predecessor-version":[{"id":12572,"href":"https:\/\/dronegis.com.ec\/index.php?rest_route=\/wp\/v2\/pages\/10322\/revisions\/12572"}],"wp:attachment":[{"href":"https:\/\/dronegis.com.ec\/index.php?rest_route=%2Fwp%2Fv2%2Fmedia&parent=10322"}],"curies":[{"name":"wp","href":"https:\/\/api.w.org\/{rel}","templated":true}]}}