{"id":10324,"date":"2024-12-23T06:57:14","date_gmt":"2024-12-23T06:57:14","guid":{"rendered":"https:\/\/demo.wpzoom.com\/inspiro-medical-blocks\/?page_id=10324"},"modified":"2026-04-19T16:09:18","modified_gmt":"2026-04-19T21:09:18","slug":"aplicaciones","status":"publish","type":"page","link":"https:\/\/dronegis.com.ec\/?page_id=10324","title":{"rendered":"Aplicaciones"},"content":{"rendered":"\n<div class=\"wp-block-group alignfull has-global-padding is-layout-constrained wp-block-group-is-layout-constrained\" style=\"margin-bottom:var(--wp--preset--spacing--large)\">\n<div class=\"wp-block-cover alignfull is-light\" style=\"border-radius:28px;padding-right:0;padding-left:0;min-height:550px;aspect-ratio:unset;\"><video class=\"wp-block-cover__video-background intrinsic-ignore\" autoplay muted loop playsinline src=\"https:\/\/dronegis.com.ec\/\/wp-content\/uploads\/2026\/04\/agricultura-indice-normalizado-de-vegetacion-12.mp4\" data-object-fit=\"cover\"><\/video><span aria-hidden=\"true\" class=\"wp-block-cover__background has-primary-background-color has-background-dim-10 has-background-dim\"><\/span><div class=\"wp-block-cover__inner-container has-global-padding is-layout-constrained wp-container-core-cover-is-layout-0de311d3 wp-block-cover-is-layout-constrained\">\n<p class=\"has-text-align-center has-large-font-size\"><\/p>\n<\/div><\/div>\n<\/div>\n\n\n\n<div class=\"wp-block-group alignfull has-global-padding is-layout-constrained wp-container-core-group-is-layout-1abdcc29 wp-block-group-is-layout-constrained\" style=\"margin-top:0;margin-bottom:var(--wp--preset--spacing--large);padding-top:0;padding-right:var(--wp--preset--spacing--x-small);padding-bottom:0;padding-left:var(--wp--preset--spacing--x-small)\">\n<div class=\"wp-block-group has-global-padding is-layout-constrained wp-block-group-is-layout-constrained\" style=\"margin-bottom:var(--wp--preset--spacing--medium)\">\n<div class=\"wp-block-group is-nowrap is-layout-flex wp-container-core-group-is-layout-558cc95c wp-block-group-is-layout-flex\" style=\"margin-bottom:0;padding-bottom:0\">\n<h2 class=\"wp-block-heading has-text-align-left animated fadeInUp wp-container-content-4fb2e66a\" style=\"font-size:clamp(27.894px, 1.743rem + ((1vw - 3.2px) * 1.779), 48px);font-style:normal;font-weight:600;line-height:1.2\">Drone &amp; Gis cuenta con la experiencia e innovaci\u00f3n necesaria para brindar soluciones geotecnol\u00f3gicas<\/h2>\n<\/div>\n\n\n\n<div style=\"height:51px;width:0px\" aria-hidden=\"true\" class=\"wp-block-spacer\"><\/div>\n\n\n\n<div class=\"wp-block-group is-nowrap is-layout-flex wp-container-core-group-is-layout-6c531013 wp-block-group-is-layout-flex\">\n<p class=\"has-text-align-left animated fadeInUp wp-container-content-dc435e0d\" style=\"font-size:clamp(21.027px, 1.314rem + ((1vw - 3.2px) * 1.148), 34px);\">Ventajas de trabajar con nosotros:<\/p>\n\n\n\n<ul class=\"wp-block-list\">\n<li class=\"animated fadeInUp\">Reducci\u00f3n de costos<\/li>\n\n\n\n<li class=\"animated fadeInUp delay-200ms\">Optimizaci\u00f3n de tiempo<\/li>\n\n\n\n<li class=\"animated fadeInUp delay-200ms\">Facilidad de monitorear zonas de dif\u00edcil acceso<\/li>\n\n\n\n<li class=\"animated fadeInUp delay-200ms\">Datos precisos y confiables<\/li>\n<\/ul>\n<\/div>\n<\/div>\n<\/div>\n\n\n\n<div class=\"wp-block-group alignfull has-global-padding is-layout-constrained wp-container-core-group-is-layout-1abdcc29 wp-block-group-is-layout-constrained\" style=\"margin-top:0;margin-bottom:var(--wp--preset--spacing--large);padding-top:0;padding-right:var(--wp--preset--spacing--x-small);padding-bottom:0;padding-left:var(--wp--preset--spacing--x-small)\">\n<div class=\"wp-block-group has-global-padding is-layout-constrained wp-block-group-is-layout-constrained\" style=\"margin-bottom:var(--wp--preset--spacing--medium)\">\n<div class=\"wp-block-group is-nowrap is-layout-flex wp-container-core-group-is-layout-558cc95c wp-block-group-is-layout-flex\" style=\"margin-bottom:0;padding-bottom:0\">\n<p><\/p>\n<\/div>\n<\/div>\n<\/div>\n\n\n\n<div class=\"wp-block-group alignfull animated fadeInLeft slow has-background has-global-padding is-layout-constrained wp-container-core-group-is-layout-c191f975 wp-block-group-is-layout-constrained\" style=\"background-color:#0e0e0f;margin-top:0;margin-bottom:0;padding-top:var(--wp--preset--spacing--large);padding-right:var(--wp--preset--spacing--x-small);padding-bottom:var(--wp--preset--spacing--large);padding-left:var(--wp--preset--spacing--x-small)\">\n<div class=\"wp-block-group has-global-padding is-layout-constrained wp-block-group-is-layout-constrained\" style=\"margin-bottom:var(--wp--preset--spacing--medium)\">\n<div class=\"wp-block-group is-nowrap is-layout-flex wp-container-core-group-is-layout-558cc95c wp-block-group-is-layout-flex\" style=\"margin-bottom:0;padding-bottom:0\">\n<h2 class=\"wp-block-heading has-text-align-left has-white-color has-text-color has-link-color wp-elements-50302b7065100c184d8ee03093fd09de wp-container-content-4fb2e66a\" id=\"agricultura\" style=\"font-size:clamp(27.894px, 1.743rem + ((1vw - 3.2px) * 1.779), 48px);font-style:normal;font-weight:600;line-height:1.2\">Agricultura y Producci\u00f3n<\/h2>\n<\/div>\n<\/div>\n\n\n\n<div class=\"wp-block-columns is-layout-flex wp-container-core-columns-is-layout-28f84493 wp-block-columns-is-layout-flex\">\n<div class=\"wp-block-column is-layout-flow wp-block-column-is-layout-flow\">\n<ul class=\"wp-block-list\">\n<li class=\"has-white-color has-text-color has-link-color wp-elements-20368da07b30e7ff07d9705dea825c99\">Mapeo de \u00e1reas agr\u00edcolas<\/li>\n\n\n\n<li class=\"has-white-color has-text-color has-link-color wp-elements-fe8669e19132c6eb85e42fd4788f388f\">Linderaci\u00f3n de predios agr\u00edcolas<\/li>\n\n\n\n<li class=\"has-white-color has-text-color has-link-color wp-elements-ab1be13684d06cc0b463f2efcd935ac5\">Monitoreo de cultivos<\/li>\n\n\n\n<li class=\"has-white-color has-text-color has-link-color wp-elements-9bd6c6a9bcc8c7188e63ef26eeb6239c\">\u00cdndices de vegetaci\u00f3n<\/li>\n\n\n\n<li class=\"has-white-color has-text-color has-link-color wp-elements-945934ed4316c4efd2bec97f7abf6d4f\">Topograf\u00eda para planificaci\u00f3n de sistemas de riego<\/li>\n\n\n\n<li class=\"has-white-color has-text-color has-link-color wp-elements-8a711830d3e0cb4af6310c4b80fc15ea\">Peritaje<\/li>\n<\/ul>\n<\/div>\n\n\n\n<div class=\"wp-block-column is-layout-flow wp-block-column-is-layout-flow\">\n<figure class=\"wp-block-image aligncenter size-full is-resized has-custom-border\"><img loading=\"lazy\" decoding=\"async\" width=\"800\" height=\"465\" src=\"https:\/\/dronegis.com.ec\/\/wp-content\/uploads\/2026\/04\/agricultura_rgb.jpg\" alt=\"\" class=\"wp-image-12581\" style=\"border-top-left-radius:25px;border-top-right-radius:25px;border-bottom-left-radius:25px;border-bottom-right-radius:25px;width:388px;height:auto\" srcset=\"https:\/\/dronegis.com.ec\/wp-content\/uploads\/2026\/04\/agricultura_rgb.jpg 800w, https:\/\/dronegis.com.ec\/wp-content\/uploads\/2026\/04\/agricultura_rgb-300x174.jpg 300w\" sizes=\"auto, (max-width: 800px) 100vw, 800px\" \/><\/figure>\n<\/div>\n<\/div>\n<\/div>\n\n\n\n<div class=\"wp-block-group alignfull animated fadeInLeft slow has-white-background-color has-background has-global-padding is-layout-constrained wp-container-core-group-is-layout-c191f975 wp-block-group-is-layout-constrained\" style=\"margin-top:0;margin-bottom:0;padding-top:var(--wp--preset--spacing--large);padding-right:var(--wp--preset--spacing--x-small);padding-bottom:var(--wp--preset--spacing--large);padding-left:var(--wp--preset--spacing--x-small)\">\n<div class=\"wp-block-group has-global-padding is-layout-constrained wp-block-group-is-layout-constrained\" style=\"margin-bottom:var(--wp--preset--spacing--medium)\">\n<div class=\"wp-block-group is-nowrap is-layout-flex wp-container-core-group-is-layout-558cc95c wp-block-group-is-layout-flex\" style=\"margin-bottom:0;padding-bottom:0\">\n<h2 class=\"wp-block-heading has-text-align-left has-primary-color has-text-color has-link-color wp-elements-e909ba0aeba1c39fb8d4e58b9a9b6a2b wp-container-content-4fb2e66a\" id=\"catastro\" style=\"font-size:clamp(27.894px, 1.743rem + ((1vw - 3.2px) * 1.779), 48px);font-style:normal;font-weight:600;line-height:1.2\">Catastro Urbano y Rural<\/h2>\n<\/div>\n<\/div>\n\n\n\n<p class=\"has-white-color has-text-color has-link-color wp-elements-c645e628e62f8fbab9d9726851472d16\"><\/p>\n\n\n\n<div class=\"wp-block-columns is-layout-flex wp-container-core-columns-is-layout-28f84493 wp-block-columns-is-layout-flex\">\n<div class=\"wp-block-column is-layout-flow wp-block-column-is-layout-flow\">\n<ul class=\"wp-block-list\">\n<li class=\"has-primary-color has-text-color has-link-color wp-elements-bb13f0242806bd8c0c27641c973ae440\">Fotograf\u00eda a\u00e9rea para actualizaci\u00f3n catastral<\/li>\n\n\n\n<li class=\"has-primary-color has-text-color has-link-color wp-elements-3e999999facdc0e22695c3744b7d9fe3\">Linderaci\u00f3n de predios<\/li>\n\n\n\n<li class=\"has-primary-color has-text-color has-link-color wp-elements-e1d654b579a049fb6db95e6034e3b8fa\">Asesoramiento en sistemas de informaci\u00f3n geogr\u00e1fica<\/li>\n\n\n\n<li class=\"has-primary-color has-text-color has-link-color wp-elements-20039bed49f2f85d1bb6373ddcdeb48f\">Validaci\u00f3n e integraci\u00f3n de datos espaciales<\/li>\n\n\n\n<li class=\"has-primary-color has-text-color has-link-color wp-elements-470195a130c810705654ea6d7e6b3e88\">Sistemas GPS GNSS<\/li>\n\n\n\n<li class=\"has-primary-color has-text-color has-link-color wp-elements-e0d4e7abf0deeab7633fcd864c0f7fa5\">Peritaje<\/li>\n<\/ul>\n<\/div>\n\n\n\n<div class=\"wp-block-column is-layout-flow wp-block-column-is-layout-flow\">\n<figure class=\"wp-block-image aligncenter size-full is-resized has-custom-border\"><img loading=\"lazy\" decoding=\"async\" width=\"800\" height=\"465\" src=\"https:\/\/dronegis.com.ec\/\/wp-content\/uploads\/2026\/04\/catastro_uio2-u1004-fr.jpg\" alt=\"\" class=\"wp-image-12582\" style=\"border-top-left-radius:20px;border-top-right-radius:20px;border-bottom-left-radius:20px;border-bottom-right-radius:20px;width:388px\" srcset=\"https:\/\/dronegis.com.ec\/wp-content\/uploads\/2026\/04\/catastro_uio2-u1004-fr.jpg 800w, https:\/\/dronegis.com.ec\/wp-content\/uploads\/2026\/04\/catastro_uio2-u1004-fr-300x174.jpg 300w\" sizes=\"auto, (max-width: 800px) 100vw, 800px\" \/><\/figure>\n<\/div>\n<\/div>\n<\/div>\n\n\n\n<div class=\"wp-block-group alignfull animated fadeInLeft slow has-background has-global-padding is-layout-constrained wp-container-core-group-is-layout-c191f975 wp-block-group-is-layout-constrained\" style=\"background-color:#0e0e0f;margin-top:0;margin-bottom:0;padding-top:var(--wp--preset--spacing--large);padding-right:var(--wp--preset--spacing--x-small);padding-bottom:var(--wp--preset--spacing--large);padding-left:var(--wp--preset--spacing--x-small)\">\n<div class=\"wp-block-group has-global-padding is-layout-constrained wp-block-group-is-layout-constrained\" style=\"margin-bottom:var(--wp--preset--spacing--medium)\">\n<div class=\"wp-block-group is-nowrap is-layout-flex wp-container-core-group-is-layout-558cc95c wp-block-group-is-layout-flex\" style=\"margin-bottom:0;padding-bottom:0\">\n<h2 class=\"wp-block-heading has-text-align-left has-white-color has-text-color has-link-color wp-elements-29765ac71ee51bac7132ef64f45fd9e5 wp-container-content-4fb2e66a\" id=\"topografia\" style=\"font-size:clamp(27.894px, 1.743rem + ((1vw - 3.2px) * 1.779), 48px);font-style:normal;font-weight:600;line-height:1.2\">Topograf\u00eda<\/h2>\n<\/div>\n<\/div>\n\n\n\n<div class=\"wp-block-columns is-layout-flex wp-container-core-columns-is-layout-28f84493 wp-block-columns-is-layout-flex\">\n<div class=\"wp-block-column is-layout-flow wp-block-column-is-layout-flow\">\n<ul class=\"wp-block-list\">\n<li class=\"has-white-color has-text-color has-link-color wp-elements-8abfb8ca7028bcfb66a4fb62e61c7f93\">Levantamientos topogr\u00e1ficos y planim\u00e9tricos convencionales<\/li>\n\n\n\n<li class=\"has-white-color has-text-color has-link-color wp-elements-c310aa174415343e90b0d43a829876e4\">Estudios viales<\/li>\n\n\n\n<li class=\"has-white-color has-text-color has-link-color wp-elements-d3bfc611634da901c2f711b9bb1a417e\">Estudios arquitect\u00f3nicos<\/li>\n\n\n\n<li class=\"has-white-color has-text-color has-link-color wp-elements-24532ae4f5278f9b33b43fe8634fea35\">Linderaci\u00f3n de predios urbanos y rurales<\/li>\n\n\n\n<li class=\"has-white-color has-text-color has-link-color wp-elements-c015d7777b61387629f4fc7d22ba7540\">Estudios en zonas de riesgo<\/li>\n\n\n\n<li class=\"has-white-color has-text-color has-link-color wp-elements-0996dddb227803ae70f1838d213811ac\">Replanteos<\/li>\n\n\n\n<li class=\"has-white-color has-text-color has-link-color wp-elements-8a711830d3e0cb4af6310c4b80fc15ea\">Peritaje<\/li>\n<\/ul>\n<\/div>\n\n\n\n<div class=\"wp-block-column is-layout-flow wp-block-column-is-layout-flow\">\n<figure class=\"wp-block-image aligncenter size-full is-resized has-custom-border\"><img loading=\"lazy\" decoding=\"async\" width=\"410\" height=\"246\" src=\"https:\/\/dronegis.com.ec\/\/wp-content\/uploads\/2026\/04\/topografia-4.jpg\" alt=\"\" class=\"wp-image-12584\" style=\"border-top-left-radius:20px;border-top-right-radius:20px;border-bottom-left-radius:20px;border-bottom-right-radius:20px;width:388px\" srcset=\"https:\/\/dronegis.com.ec\/wp-content\/uploads\/2026\/04\/topografia-4.jpg 410w, https:\/\/dronegis.com.ec\/wp-content\/uploads\/2026\/04\/topografia-4-300x180.jpg 300w\" sizes=\"auto, (max-width: 410px) 100vw, 410px\" \/><\/figure>\n<\/div>\n<\/div>\n<\/div>\n\n\n\n<div class=\"wp-block-group alignfull animated fadeInLeft slow has-white-background-color has-background has-global-padding is-layout-constrained wp-container-core-group-is-layout-c191f975 wp-block-group-is-layout-constrained\" style=\"margin-top:0;margin-bottom:0;padding-top:var(--wp--preset--spacing--large);padding-right:var(--wp--preset--spacing--x-small);padding-bottom:var(--wp--preset--spacing--large);padding-left:var(--wp--preset--spacing--x-small)\">\n<div class=\"wp-block-group has-global-padding is-layout-constrained wp-block-group-is-layout-constrained\" style=\"margin-bottom:var(--wp--preset--spacing--medium)\">\n<div class=\"wp-block-group is-nowrap is-layout-flex wp-container-core-group-is-layout-558cc95c wp-block-group-is-layout-flex\" style=\"margin-bottom:0;padding-bottom:0\">\n<h2 class=\"wp-block-heading has-text-align-left has-primary-color has-text-color has-link-color wp-elements-edb3ff32825fa7c7018368f4d0d887cc wp-container-content-4fb2e66a\" id=\"ambiente\" style=\"font-size:clamp(27.894px, 1.743rem + ((1vw - 3.2px) * 1.779), 48px);font-style:normal;font-weight:600;line-height:1.2\">Ambiente<\/h2>\n<\/div>\n<\/div>\n\n\n\n<p class=\"has-white-color has-text-color has-link-color wp-elements-c645e628e62f8fbab9d9726851472d16\"><\/p>\n\n\n\n<div class=\"wp-block-columns is-layout-flex wp-container-core-columns-is-layout-28f84493 wp-block-columns-is-layout-flex\">\n<div class=\"wp-block-column is-layout-flow wp-block-column-is-layout-flow\">\n<ul class=\"wp-block-list\">\n<li class=\"has-primary-color has-text-color has-link-color wp-elements-e4afb0832693529b9633185a5f65f760\">Vigilancia y Monitoreo forestal (Deforestaci\u00f3n, Incendios)<\/li>\n\n\n\n<li class=\"has-primary-color has-text-color has-link-color wp-elements-80ee167037b424932f51fe97616d92a8\">Monitoreo de \u00e1reas protegidas<\/li>\n\n\n\n<li class=\"has-primary-color has-text-color has-link-color wp-elements-677eff1810c6ed7b2eab93f44673a7a2\">Control y Detecci\u00f3n de focos de contaminaci\u00f3n<\/li>\n\n\n\n<li class=\"has-primary-color has-text-color has-link-color wp-elements-a77fac8cbeed37ba1fcffbecca94bc72\">Monitoreo de Zonas de riesgo (Inundaci\u00f3n, deslaves, sismos, etc.)<\/li>\n\n\n\n<li class=\"has-primary-color has-text-color has-link-color wp-elements-6c6c9db9c5420b9bc79c20fb23f2fea9\">Modelamiento de riesgos<\/li>\n<\/ul>\n<\/div>\n\n\n\n<div class=\"wp-block-column is-layout-flow wp-block-column-is-layout-flow\">\n<figure class=\"wp-block-image aligncenter size-full is-resized has-custom-border\"><img loading=\"lazy\" decoding=\"async\" width=\"800\" height=\"490\" src=\"https:\/\/dronegis.com.ec\/\/wp-content\/uploads\/2026\/04\/nuestro_t-u1762-fr.jpg\" alt=\"\" class=\"wp-image-12586\" style=\"border-top-left-radius:20px;border-top-right-radius:20px;border-bottom-left-radius:20px;border-bottom-right-radius:20px;width:388px\" srcset=\"https:\/\/dronegis.com.ec\/wp-content\/uploads\/2026\/04\/nuestro_t-u1762-fr.jpg 800w, https:\/\/dronegis.com.ec\/wp-content\/uploads\/2026\/04\/nuestro_t-u1762-fr-300x184.jpg 300w\" sizes=\"auto, (max-width: 800px) 100vw, 800px\" \/><\/figure>\n<\/div>\n<\/div>\n<\/div>\n\n\n\n<div class=\"wp-block-group alignfull animated fadeInLeft slow has-primary-background-color has-background has-global-padding is-layout-constrained wp-container-core-group-is-layout-c191f975 wp-block-group-is-layout-constrained\" style=\"margin-top:0;margin-bottom:0;padding-top:var(--wp--preset--spacing--large);padding-right:var(--wp--preset--spacing--x-small);padding-bottom:var(--wp--preset--spacing--large);padding-left:var(--wp--preset--spacing--x-small)\">\n<div class=\"wp-block-group has-global-padding is-layout-constrained wp-block-group-is-layout-constrained\" style=\"margin-bottom:var(--wp--preset--spacing--medium)\">\n<div class=\"wp-block-group is-nowrap is-layout-flex wp-container-core-group-is-layout-558cc95c wp-block-group-is-layout-flex\" style=\"margin-bottom:0;padding-bottom:0\">\n<h2 class=\"wp-block-heading has-text-align-left has-white-color has-text-color has-link-color wp-elements-80c8517ec2628c22e506523a53e509a5 wp-container-content-4fb2e66a\" id=\"infraestructura\" style=\"font-size:clamp(27.894px, 1.743rem + ((1vw - 3.2px) * 1.779), 48px);font-style:normal;font-weight:600;line-height:1.2\">Infraestructura y Construcci\u00f3n<\/h2>\n\n\n\n<p class=\"has-text-align-left\"><\/p>\n<\/div>\n<\/div>\n\n\n\n<div class=\"wp-block-columns is-layout-flex wp-container-core-columns-is-layout-28f84493 wp-block-columns-is-layout-flex\">\n<div class=\"wp-block-column is-layout-flow wp-block-column-is-layout-flow\">\n<ul class=\"wp-block-list\">\n<li class=\"has-white-color has-text-color has-link-color wp-elements-e8c6215bf8b5148cfff1d154295bf527\">Evaluaci\u00f3n, monitoreo y fiscalizaci\u00f3n de obras civiles<\/li>\n\n\n\n<li class=\"has-white-color has-text-color has-link-color wp-elements-da3da9c8e9cbefd6302b102811d949fc\">Evaluaci\u00f3n de infraestructura industrial<\/li>\n\n\n\n<li class=\"has-white-color has-text-color has-link-color wp-elements-2545f0185e441cbafc35a481c31d598d\">Inspecci\u00f3n y monitoreo de infraestructura el\u00e9ctrica<\/li>\n\n\n\n<li class=\"has-white-color has-text-color has-link-color wp-elements-eac7517881d134df16a2617897265008\">Monitoreo de infraestructura petrolera<\/li>\n\n\n\n<li class=\"has-white-color has-text-color has-link-color wp-elements-7e087704810b8f21e6d89c0cb801653e\">Evaluaci\u00f3n y monitoreo de \u00e1reas de concesi\u00f3n<\/li>\n\n\n\n<li class=\"has-white-color has-text-color has-link-color wp-elements-051d200d74a654bd7d8a544068d9b3ad\">Monitoreo de concesiones mineras: cuantificaci\u00f3n de vol\u00famenes<\/li>\n\n\n\n<li class=\"has-white-color has-text-color has-link-color wp-elements-1c53428a39d5ad9467de6e71e154a04c\">Modelamiento y reconstrucci\u00f3n 3D<\/li>\n<\/ul>\n<\/div>\n\n\n\n<div class=\"wp-block-column is-layout-flow wp-block-column-is-layout-flow\">\n<figure class=\"wp-block-image aligncenter size-large is-resized has-custom-border\"><img loading=\"lazy\" decoding=\"async\" width=\"1024\" height=\"576\" src=\"https:\/\/dronegis.com.ec\/\/wp-content\/uploads\/2025\/10\/image-79-1024x576.jpg\" alt=\"\" class=\"wp-image-11950\" style=\"border-top-left-radius:20px;border-top-right-radius:20px;border-bottom-left-radius:20px;border-bottom-right-radius:20px;width:388px\" srcset=\"https:\/\/dronegis.com.ec\/wp-content\/uploads\/2025\/10\/image-79-1024x576.jpg 1024w, https:\/\/dronegis.com.ec\/wp-content\/uploads\/2025\/10\/image-79-300x169.jpg 300w, https:\/\/dronegis.com.ec\/wp-content\/uploads\/2025\/10\/image-79.jpg 1920w\" sizes=\"auto, (max-width: 1024px) 100vw, 1024px\" \/><\/figure>\n<\/div>\n<\/div>\n<\/div>\n\n\n\n<div class=\"wp-block-group alignfull animated fadeInLeft slow has-white-background-color has-background has-global-padding is-layout-constrained wp-container-core-group-is-layout-c191f975 wp-block-group-is-layout-constrained\" style=\"margin-top:0;margin-bottom:0;padding-top:var(--wp--preset--spacing--large);padding-right:var(--wp--preset--spacing--x-small);padding-bottom:var(--wp--preset--spacing--large);padding-left:var(--wp--preset--spacing--x-small)\">\n<div class=\"wp-block-group has-global-padding is-layout-constrained wp-block-group-is-layout-constrained\" style=\"margin-bottom:var(--wp--preset--spacing--medium)\">\n<div class=\"wp-block-group is-nowrap is-layout-flex wp-container-core-group-is-layout-558cc95c wp-block-group-is-layout-flex\" style=\"margin-bottom:0;padding-bottom:0\">\n<h2 class=\"wp-block-heading has-text-align-left has-primary-color has-text-color has-link-color wp-elements-7e276aecb53bf9152512f6f221d16ff1 wp-container-content-4fb2e66a\" id=\"minas\" style=\"font-size:clamp(27.894px, 1.743rem + ((1vw - 3.2px) * 1.779), 48px);font-style:normal;font-weight:600;line-height:1.2\">Monitoreo de minas y canteras<\/h2>\n<\/div>\n<\/div>\n\n\n\n<div class=\"wp-block-columns is-layout-flex wp-container-core-columns-is-layout-28f84493 wp-block-columns-is-layout-flex\">\n<div class=\"wp-block-column is-layout-flow wp-block-column-is-layout-flow\">\n<p>Estimaci\u00f3n de volumen de material presente y extra\u00eddo de minas y canteras.<\/p>\n<\/div>\n\n\n\n<div class=\"wp-block-column is-layout-flow wp-block-column-is-layout-flow\">\n<figure class=\"wp-block-image aligncenter size-full is-resized has-custom-border\"><img loading=\"lazy\" decoding=\"async\" width=\"312\" height=\"173\" src=\"https:\/\/dronegis.com.ec\/\/wp-content\/uploads\/2026\/04\/minas.jpg\" alt=\"\" class=\"wp-image-12588\" style=\"border-top-left-radius:20px;border-top-right-radius:20px;border-bottom-left-radius:20px;border-bottom-right-radius:20px;width:388px\" srcset=\"https:\/\/dronegis.com.ec\/wp-content\/uploads\/2026\/04\/minas.jpg 312w, https:\/\/dronegis.com.ec\/wp-content\/uploads\/2026\/04\/minas-300x166.jpg 300w\" sizes=\"auto, (max-width: 312px) 100vw, 312px\" \/><\/figure>\n<\/div>\n<\/div>\n\n\n\n<p class=\"has-white-color has-text-color has-link-color wp-elements-c645e628e62f8fbab9d9726851472d16\"><\/p>\n\n\n\n<p class=\"has-white-color has-text-color has-link-color wp-elements-c645e628e62f8fbab9d9726851472d16\"><\/p>\n<\/div>\n\n\n\n<div class=\"wp-block-group alignfull animated fadeInLeft slow has-primary-background-color has-background has-global-padding is-layout-constrained wp-container-core-group-is-layout-c191f975 wp-block-group-is-layout-constrained\" style=\"margin-top:0;margin-bottom:0;padding-top:var(--wp--preset--spacing--large);padding-right:var(--wp--preset--spacing--x-small);padding-bottom:var(--wp--preset--spacing--large);padding-left:var(--wp--preset--spacing--x-small)\">\n<div class=\"wp-block-group has-global-padding is-layout-constrained wp-block-group-is-layout-constrained\" style=\"margin-bottom:var(--wp--preset--spacing--medium)\">\n<div class=\"wp-block-group is-nowrap is-layout-flex wp-container-core-group-is-layout-558cc95c wp-block-group-is-layout-flex\" style=\"margin-bottom:0;padding-bottom:0\">\n<h2 class=\"wp-block-heading has-text-align-left has-white-color has-text-color has-link-color wp-elements-6e074dea0172de56a42ab187ce3cfd28 wp-container-content-4fb2e66a\" id=\"reconstruccion\" style=\"font-size:clamp(27.894px, 1.743rem + ((1vw - 3.2px) * 1.779), 48px);font-style:normal;font-weight:600;line-height:1.2\">Reconstrucci\u00f3n&nbsp; y modelamiento 3D<\/h2>\n<\/div>\n<\/div>\n\n\n\n<div class=\"wp-block-columns is-layout-flex wp-container-core-columns-is-layout-28f84493 wp-block-columns-is-layout-flex\">\n<div class=\"wp-block-column is-layout-flow wp-block-column-is-layout-flow\">\n<p class=\"has-white-color has-text-color has-link-color wp-elements-1d52779b9afc6e91af22c1114060eabf\">A partir de los datos obtenidos de la toma de fotograf\u00eda a\u00e9rea con Drones, se puede obtener modelos digitales en tres dimensiones, estos modelos permiten realizar reconstrucciones digitales de edificaciones para conservaci\u00f3n de patrimonio y para tareas de urbanismo.<\/p>\n<\/div>\n\n\n\n<div class=\"wp-block-column is-layout-flow wp-block-column-is-layout-flow\">\n<figure class=\"wp-block-image aligncenter size-full is-resized has-custom-border\"><img loading=\"lazy\" decoding=\"async\" width=\"258\" height=\"192\" src=\"https:\/\/dronegis.com.ec\/\/wp-content\/uploads\/2026\/04\/3d.jpg\" alt=\"\" class=\"wp-image-12590\" style=\"border-top-left-radius:20px;border-top-right-radius:20px;border-bottom-left-radius:20px;border-bottom-right-radius:20px;aspect-ratio:1.3437956599383083;width:260px;height:auto\"\/><\/figure>\n<\/div>\n<\/div>\n\n\n\n<p><\/p>\n<\/div>\n","protected":false},"excerpt":{"rendered":"<p>Drone &amp; Gis cuenta con la experiencia e innovaci\u00f3n necesaria para brindar soluciones geotecnol\u00f3gicas Ventajas de trabajar con nosotros: Agricultura y Producci\u00f3n Catastro Urbano y Rural Topograf\u00eda Ambiente Infraestructura y Construcci\u00f3n Monitoreo de minas y canteras Estimaci\u00f3n de volumen de material presente y extra\u00eddo de minas y canteras. Reconstrucci\u00f3n&nbsp; y modelamiento 3D A partir de &hellip; <\/p>\n<p class=\"link-more\"><a href=\"https:\/\/dronegis.com.ec\/?page_id=10324\" class=\"more-link\">Leer m\u00e1s<span class=\"screen-reader-text\"> \u00abAplicaciones\u00bb<\/span><\/a><\/p>\n","protected":false},"author":1,"featured_media":0,"parent":0,"menu_order":0,"comment_status":"closed","ping_status":"closed","template":"","meta":{"_eb_attr":"","_themeisle_gutenberg_block_has_review":false,"inspiro_hide_title":false,"footnotes":""},"class_list":["post-10324","page","type-page","status-publish","hentry"],"featured_media_urls":[],"_links":{"self":[{"href":"https:\/\/dronegis.com.ec\/index.php?rest_route=\/wp\/v2\/pages\/10324","targetHints":{"allow":["GET"]}}],"collection":[{"href":"https:\/\/dronegis.com.ec\/index.php?rest_route=\/wp\/v2\/pages"}],"about":[{"href":"https:\/\/dronegis.com.ec\/index.php?rest_route=\/wp\/v2\/types\/page"}],"author":[{"embeddable":true,"href":"https:\/\/dronegis.com.ec\/index.php?rest_route=\/wp\/v2\/users\/1"}],"replies":[{"embeddable":true,"href":"https:\/\/dronegis.com.ec\/index.php?rest_route=%2Fwp%2Fv2%2Fcomments&post=10324"}],"version-history":[{"count":43,"href":"https:\/\/dronegis.com.ec\/index.php?rest_route=\/wp\/v2\/pages\/10324\/revisions"}],"predecessor-version":[{"id":12708,"href":"https:\/\/dronegis.com.ec\/index.php?rest_route=\/wp\/v2\/pages\/10324\/revisions\/12708"}],"wp:attachment":[{"href":"https:\/\/dronegis.com.ec\/index.php?rest_route=%2Fwp%2Fv2%2Fmedia&parent=10324"}],"curies":[{"name":"wp","href":"https:\/\/api.w.org\/{rel}","templated":true}]}}