{"id":12594,"date":"2026-04-11T17:41:57","date_gmt":"2026-04-11T22:41:57","guid":{"rendered":"https:\/\/dronegis.com.ec\/\/?page_id=12594"},"modified":"2026-04-13T21:18:59","modified_gmt":"2026-04-14T02:18:59","slug":"levantamiento-gis-para-certificacion-ra-y-cumplimiento-eudr","status":"publish","type":"page","link":"https:\/\/dronegis.com.ec\/?page_id=12594","title":{"rendered":"Mapeo de predios agr\u00edcolas"},"content":{"rendered":"\n<div class=\"wp-block-columns alignfull is-layout-flex wp-container-core-columns-is-layout-28f84493 wp-block-columns-is-layout-flex\">\n<div class=\"wp-block-column is-layout-flow wp-block-column-is-layout-flow\">\n<div class=\"wp-block-cover\" style=\"border-top-left-radius:28px;border-top-right-radius:28px;border-bottom-left-radius:28px;border-bottom-right-radius:28px;min-height:550px;aspect-ratio:unset;\"><img loading=\"lazy\" decoding=\"async\" width=\"1000\" height=\"525\" class=\"wp-block-cover__image-background wp-image-12573 size-full\" alt=\"\" src=\"https:\/\/dronegis.com.ec\/\/wp-content\/uploads\/2026\/03\/lidar1.jpg\" data-object-fit=\"cover\" srcset=\"https:\/\/dronegis.com.ec\/wp-content\/uploads\/2026\/03\/lidar1.jpg 1000w, https:\/\/dronegis.com.ec\/wp-content\/uploads\/2026\/03\/lidar1-300x158.jpg 300w\" sizes=\"auto, (max-width: 1000px) 100vw, 1000px\" \/><span aria-hidden=\"true\" class=\"wp-block-cover__background has-background-dim-10 has-background-dim\" style=\"background-color:#7b8a46\"><\/span><div class=\"wp-block-cover__inner-container has-global-padding is-layout-constrained wp-block-cover-is-layout-constrained\">\n<p class=\"has-text-align-center has-large-font-size\"><\/p>\n<\/div><\/div>\n<\/div>\n<\/div>\n\n\n\n<div class=\"wp-block-columns is-layout-flex wp-container-core-columns-is-layout-28f84493 wp-block-columns-is-layout-flex\">\n<div class=\"wp-block-column is-layout-flow wp-block-column-is-layout-flow\" style=\"flex-basis:66.66%\">\n<h1 class=\"wp-block-heading animated fadeInUp\" style=\"font-size:clamp(27.894px, 1.743rem + ((1vw - 3.2px) * 1.779), 48px);font-style:normal;font-weight:600;line-height:1.2\">Levantamientos e insumos GIS para procesos de Certificaci\u00f3n de Agricultura Regenerativa (RA) y el Reglamento contra la Deforestaci\u00f3n de la Uni\u00f3n Europea (EUDR).<\/h1>\n<\/div>\n\n\n\n<div class=\"wp-block-column is-layout-flow wp-block-column-is-layout-flow\" style=\"flex-basis:33.33%\"><\/div>\n<\/div>\n\n\n\n<div class=\"wp-block-columns is-layout-flex wp-container-core-columns-is-layout-28f84493 wp-block-columns-is-layout-flex\">\n<div class=\"wp-block-column is-layout-flow wp-block-column-is-layout-flow\" style=\"flex-basis:50%\">\n<p class=\"animated fadeInUp has-medium-font-size\">En Drone &amp; Gis ofrecemos el servicio de levantamiento geoespacial de precisi\u00f3n para el mapeo de pol\u00edgonos de predios agr\u00edcolas, requisito fundamental tanto para la certificaci\u00f3n Rainforest Alliance (RA) como para el Reglamento de la Uni\u00f3n Europea sobre Deforestaci\u00f3n (EUDR), obligatorio para todo exportador que comercialice hacia el mercado europeo.Nuestros equipos de campo realizan el recorrido y georreferenciaci\u00f3n de los l\u00edmites de cada parcela mediante equipos GPS&nbsp;y sobrevuelos con drones, generando datos en formatos est\u00e1ndar (GeoJSON, KML, Shapefile) compatibles con los sistemas de trazabilidad y plataformas de diligencia debida exigidos por ambas normativas. Trabajamos con m\u00faltiples tipos de cultivos sujetos a estos marcos regulatorios: cacao, caf\u00e9, palma aceitera, banano y sus derivados.<\/p>\n<\/div>\n\n\n\n<div class=\"wp-block-column is-layout-flow wp-block-column-is-layout-flow\" style=\"flex-basis:50%\">\n<figure class=\"wp-block-image size-full has-custom-border animated fadeInUp\"><img loading=\"lazy\" decoding=\"async\" width=\"900\" height=\"629\" src=\"https:\/\/dronegis.com.ec\/\/wp-content\/uploads\/2026\/04\/c91794b9-6f92-44b0-a969-079a0d0f586b.jpg\" alt=\"\" class=\"wp-image-12615\" style=\"border-top-left-radius:28px;border-top-right-radius:28px;border-bottom-left-radius:28px;border-bottom-right-radius:28px\" srcset=\"https:\/\/dronegis.com.ec\/wp-content\/uploads\/2026\/04\/c91794b9-6f92-44b0-a969-079a0d0f586b.jpg 900w, https:\/\/dronegis.com.ec\/wp-content\/uploads\/2026\/04\/c91794b9-6f92-44b0-a969-079a0d0f586b-300x210.jpg 300w\" sizes=\"auto, (max-width: 900px) 100vw, 900px\" \/><\/figure>\n<\/div>\n<\/div>\n\n\n\n<div style=\"height:39px\" aria-hidden=\"true\" class=\"wp-block-spacer\"><\/div>\n\n\n\n<div class=\"wp-block-columns alignfull has-lightgrey-background-color has-background is-layout-flex wp-container-core-columns-is-layout-cbbf8ae3 wp-block-columns-is-layout-flex\" style=\"padding-top:var(--wp--preset--spacing--large);padding-bottom:var(--wp--preset--spacing--large)\">\n<div class=\"wp-block-column is-layout-flow wp-block-column-is-layout-flow\">\n<figure class=\"wp-block-image size-large has-custom-border animated fadeInUp\"><img loading=\"lazy\" decoding=\"async\" width=\"1024\" height=\"473\" src=\"https:\/\/dronegis.com.ec\/\/wp-content\/uploads\/2026\/04\/e5ea3b4b-e59c-4822-ae66-9cd329abb1c0-1024x473.jpg\" alt=\"\" class=\"wp-image-12630\" style=\"border-top-left-radius:28px;border-top-right-radius:28px;border-bottom-left-radius:28px;border-bottom-right-radius:28px\" srcset=\"https:\/\/dronegis.com.ec\/wp-content\/uploads\/2026\/04\/e5ea3b4b-e59c-4822-ae66-9cd329abb1c0-1024x473.jpg 1024w, https:\/\/dronegis.com.ec\/wp-content\/uploads\/2026\/04\/e5ea3b4b-e59c-4822-ae66-9cd329abb1c0-300x138.jpg 300w, https:\/\/dronegis.com.ec\/wp-content\/uploads\/2026\/04\/e5ea3b4b-e59c-4822-ae66-9cd329abb1c0.jpg 1400w\" sizes=\"auto, (max-width: 1024px) 100vw, 1024px\" \/><\/figure>\n<\/div>\n\n\n\n<div class=\"wp-block-column is-layout-flow wp-block-column-is-layout-flow\">\n<p class=\"animated fadeInUp has-medium-font-size\">Nuestro proceso incluye no solo la captura de coordenadas, sino tambi\u00e9n la validaci\u00f3n y control de calidad de cada pol\u00edgono generado: verificamos que no existan superposiciones entre parcelas, que los l\u00edmites sean geom\u00e9tricamente v\u00e1lidos y que cada predio quede correctamente asociado a la informaci\u00f3n del productor (nombre, ubicaci\u00f3n, \u00e1rea productiva).<\/p>\n<\/div>\n<\/div>\n\n\n\n<div style=\"height:59px\" aria-hidden=\"true\" class=\"wp-block-spacer\"><\/div>\n\n\n\n<p class=\"animated fadeInUp has-medium-font-size\">Toda esta informaci\u00f3n se integra en bases de datos estructuradas que facilitan tanto la elaboraci\u00f3n de los informes requeridos por el EUDR como la documentaci\u00f3n de cumplimiento exigida en las auditor\u00edas de certificaci\u00f3n Rainforest Alliance. <\/p>\n\n\n\n<p class=\"animated fadeInUp has-medium-font-size\">Nuestro proceso incluye no solo la captura de coordenadas, sino tambi\u00e9n la validaci\u00f3n y control de calidad de cada pol\u00edgono generado: verificamos que no existan superposiciones entre parcelas, que los l\u00edmites sean geom\u00e9tricamente v\u00e1lidos y que cada predio quede correctamente asociado a la informaci\u00f3n del productor (nombre, ubicaci\u00f3n, \u00e1rea productiva).<\/p>\n\n\n\n<p class=\"animated fadeInUp has-medium-font-size\">Toda esta informaci\u00f3n se integra en bases de datos estructuradas que facilitan tanto la elaboraci\u00f3n de los informes requeridos por el EUDR como la documentaci\u00f3n de cumplimiento exigida en las auditor\u00edas de certificaci\u00f3n Rainforest Alliance.<\/p>\n\n\n\n<p><\/p>\n","protected":false},"excerpt":{"rendered":"<p>Levantamientos e insumos GIS para procesos de Certificaci\u00f3n de Agricultura Regenerativa (RA) y el Reglamento contra la Deforestaci\u00f3n de la Uni\u00f3n Europea (EUDR). En Drone &amp; Gis ofrecemos el servicio de levantamiento geoespacial de precisi\u00f3n para el mapeo de pol\u00edgonos de predios agr\u00edcolas, requisito fundamental tanto para la certificaci\u00f3n Rainforest Alliance (RA) como para el &hellip; <\/p>\n<p class=\"link-more\"><a href=\"https:\/\/dronegis.com.ec\/?page_id=12594\" class=\"more-link\">Leer m\u00e1s<span class=\"screen-reader-text\"> \u00abMapeo de predios agr\u00edcolas\u00bb<\/span><\/a><\/p>\n","protected":false},"author":1,"featured_media":0,"parent":0,"menu_order":0,"comment_status":"closed","ping_status":"closed","template":"","meta":{"_eb_attr":"","_themeisle_gutenberg_block_has_review":false,"inspiro_hide_title":false,"footnotes":""},"class_list":["post-12594","page","type-page","status-publish","hentry"],"featured_media_urls":[],"_links":{"self":[{"href":"https:\/\/dronegis.com.ec\/index.php?rest_route=\/wp\/v2\/pages\/12594","targetHints":{"allow":["GET"]}}],"collection":[{"href":"https:\/\/dronegis.com.ec\/index.php?rest_route=\/wp\/v2\/pages"}],"about":[{"href":"https:\/\/dronegis.com.ec\/index.php?rest_route=\/wp\/v2\/types\/page"}],"author":[{"embeddable":true,"href":"https:\/\/dronegis.com.ec\/index.php?rest_route=\/wp\/v2\/users\/1"}],"replies":[{"embeddable":true,"href":"https:\/\/dronegis.com.ec\/index.php?rest_route=%2Fwp%2Fv2%2Fcomments&post=12594"}],"version-history":[{"count":44,"href":"https:\/\/dronegis.com.ec\/index.php?rest_route=\/wp\/v2\/pages\/12594\/revisions"}],"predecessor-version":[{"id":12688,"href":"https:\/\/dronegis.com.ec\/index.php?rest_route=\/wp\/v2\/pages\/12594\/revisions\/12688"}],"wp:attachment":[{"href":"https:\/\/dronegis.com.ec\/index.php?rest_route=%2Fwp%2Fv2%2Fmedia&parent=12594"}],"curies":[{"name":"wp","href":"https:\/\/api.w.org\/{rel}","templated":true}]}}